{"id":306,"date":"2019-12-11T15:01:45","date_gmt":"2019-12-11T15:01:45","guid":{"rendered":"https:\/\/berberedesign.com\/faq-2\/"},"modified":"2025-01-03T09:59:40","modified_gmt":"2025-01-03T09:59:40","slug":"faq-2","status":"publish","type":"page","link":"https:\/\/berberedesign.com\/de\/infos\/faq-2\/","title":{"rendered":"FAQ"},"content":{"rendered":"<div data-elementor-type=\"wp-page\" data-elementor-id=\"306\" class=\"elementor elementor-306\" data-elementor-post-type=\"page\">\n\t\t\t\t\t\t<section class=\"elementor-section elementor-top-section elementor-element elementor-element-8ae58a7 elementor-section-boxed elementor-section-height-default elementor-section-height-default\" data-id=\"8ae58a7\" data-element_type=\"section\">\n\t\t\t\t\t\t<div class=\"elementor-container elementor-column-gap-wider\">\n\t\t\t\t\t<div class=\"elementor-column elementor-col-100 elementor-top-column elementor-element elementor-element-c36c3ba\" data-id=\"c36c3ba\" data-element_type=\"column\">\n\t\t\t<div class=\"elementor-widget-wrap elementor-element-populated\">\n\t\t\t\t\t\t<div class=\"elementor-element elementor-element-f481970 elementor-widget elementor-widget-the7-accordion\" data-id=\"f481970\" data-element_type=\"widget\" data-widget_type=\"the7-accordion.default\">\n\t\t\t\t<div class=\"elementor-widget-container\">\n\t\t\t\t\t\t\t<div class=\"elementor-accordion the7-adv-accordion\" data-accordion-type=\"accordion\" role=\"tablist\">\n\t\t\t\t\t\t\t<div class=\"elementor-accordion-item\">\n\t\t\t\t\t<h4 id=\"elementor-tab-title-2561\" class=\"elementor-tab-title the7-accordion-header deactive-default\" data-tab=\"1\" role=\"tab\" aria-controls=\"elementor-tab-content-2561\">\n\n\t\t\t\t\t\t\t\t\t\t\t\t\t<span class=\"elementor-accordion-icon elementor-accordion-icon-left\" aria-hidden=\"true\">\n\t\t\t\t\t\t\t\t\t\t\t\t\t\t\t<span class=\"elementor-accordion-icon-closed\"><svg xmlns=\"http:\/\/www.w3.org\/2000\/svg\" viewbox=\"0 0 24 24\" width=\"24\" height=\"24\"><path fill=\"none\" d=\"M0 0h24v24H0z\"><\/path><path d=\"M11 11V5h2v6h6v2h-6v6h-2v-6H5v-2z\"><\/path><\/svg><\/span>\n\t\t\t\t\t\t\t\t\t\t\t\t\t\t\t\t\t<span class=\"elementor-accordion-icon-opened\"><svg xmlns=\"http:\/\/www.w3.org\/2000\/svg\" viewbox=\"0 0 24 24\" width=\"24\" height=\"24\"><path fill=\"none\" d=\"M0 0h24v24H0z\"><\/path><path d=\"M5 11h14v2H5z\"><\/path><\/svg><\/span>\n\t\t\t\t\t\t\t\t\t\t\t\t\t\t\t\t\t\t\t\t\t\t<\/span>\n\t\t\t\t\t\t\t\t\t\t\t\t\t\t\t\t\t\t<a class=\"elementor-accordion-title\" href=\"\">Ben\u00f6tige ich ein Konto, um eine Bestellung aufzugeben?<\/a>\n\t\t\t\t\t<\/h4>\n\t\t\t\t\t<div id=\"elementor-tab-content-2561\" class=\"elementor-tab-content elementor-clearfix deactive-default\" data-tab=\"1\" role=\"tabpanel\" aria-labelledby=\"elementor-tab-title-2561\"><p>Nein, Sie k\u00f6nnen als Gast eine Bestellung aufgeben. Wenn Sie jedoch ein Konto einrichten, k\u00f6nnen Sie Ihre Bestellungen verfolgen, Ihre Daten f\u00fcr k\u00fcnftige Eink\u00e4ufe speichern und exklusive Angebote erhalten.<\/p><\/div>\n\t\t\t\t<\/div>\n\t\t\t\t\t\t\t<div class=\"elementor-accordion-item\">\n\t\t\t\t\t<h4 id=\"elementor-tab-title-2562\" class=\"elementor-tab-title the7-accordion-header\" data-tab=\"2\" role=\"tab\" aria-controls=\"elementor-tab-content-2562\">\n\n\t\t\t\t\t\t\t\t\t\t\t\t\t<span class=\"elementor-accordion-icon elementor-accordion-icon-left\" aria-hidden=\"true\">\n\t\t\t\t\t\t\t\t\t\t\t\t\t\t\t<span class=\"elementor-accordion-icon-closed\"><svg xmlns=\"http:\/\/www.w3.org\/2000\/svg\" viewbox=\"0 0 24 24\" width=\"24\" height=\"24\"><path fill=\"none\" d=\"M0 0h24v24H0z\"><\/path><path d=\"M11 11V5h2v6h6v2h-6v6h-2v-6H5v-2z\"><\/path><\/svg><\/span>\n\t\t\t\t\t\t\t\t\t\t\t\t\t\t\t\t\t<span class=\"elementor-accordion-icon-opened\"><svg xmlns=\"http:\/\/www.w3.org\/2000\/svg\" viewbox=\"0 0 24 24\" width=\"24\" height=\"24\"><path fill=\"none\" d=\"M0 0h24v24H0z\"><\/path><path d=\"M5 11h14v2H5z\"><\/path><\/svg><\/span>\n\t\t\t\t\t\t\t\t\t\t\t\t\t\t\t\t\t\t\t\t\t\t<\/span>\n\t\t\t\t\t\t\t\t\t\t\t\t\t\t\t\t\t\t<a class=\"elementor-accordion-title\" href=\"\">Ich habe mein Passwort vergessen: Was soll ich tun?<\/a>\n\t\t\t\t\t<\/h4>\n\t\t\t\t\t<div id=\"elementor-tab-content-2562\" class=\"elementor-tab-content elementor-clearfix\" data-tab=\"2\" role=\"tabpanel\" aria-labelledby=\"elementor-tab-title-2562\"><p>Klicken Sie auf der Anmeldeseite auf \"Passwort vergessen\" und folgen Sie den Anweisungen, um Ihr Passwort zur\u00fcckzusetzen. Wenn Sie Hilfe ben\u00f6tigen, wenden Sie sich bitte an unseren Kundenservice.<\/p><\/div>\n\t\t\t\t<\/div>\n\t\t\t\t\t\t\t<div class=\"elementor-accordion-item\">\n\t\t\t\t\t<h4 id=\"elementor-tab-title-2563\" class=\"elementor-tab-title the7-accordion-header\" data-tab=\"3\" role=\"tab\" aria-controls=\"elementor-tab-content-2563\">\n\n\t\t\t\t\t\t\t\t\t\t\t\t\t<span class=\"elementor-accordion-icon elementor-accordion-icon-left\" aria-hidden=\"true\">\n\t\t\t\t\t\t\t\t\t\t\t\t\t\t\t<span class=\"elementor-accordion-icon-closed\"><svg xmlns=\"http:\/\/www.w3.org\/2000\/svg\" viewbox=\"0 0 24 24\" width=\"24\" height=\"24\"><path fill=\"none\" d=\"M0 0h24v24H0z\"><\/path><path d=\"M11 11V5h2v6h6v2h-6v6h-2v-6H5v-2z\"><\/path><\/svg><\/span>\n\t\t\t\t\t\t\t\t\t\t\t\t\t\t\t\t\t<span class=\"elementor-accordion-icon-opened\"><svg xmlns=\"http:\/\/www.w3.org\/2000\/svg\" viewbox=\"0 0 24 24\" width=\"24\" height=\"24\"><path fill=\"none\" d=\"M0 0h24v24H0z\"><\/path><path d=\"M5 11h14v2H5z\"><\/path><\/svg><\/span>\n\t\t\t\t\t\t\t\t\t\t\t\t\t\t\t\t\t\t\t\t\t\t<\/span>\n\t\t\t\t\t\t\t\t\t\t\t\t\t\t\t\t\t\t<a class=\"elementor-accordion-title\" href=\"\">Wie kann ich eine Bestellung auf Ihrer Website aufgeben?<\/a>\n\t\t\t\t\t<\/h4>\n\t\t\t\t\t<div id=\"elementor-tab-content-2563\" class=\"elementor-tab-content elementor-clearfix\" data-tab=\"3\" role=\"tabpanel\" aria-labelledby=\"elementor-tab-title-2563\"><p>St\u00f6bern Sie in unserer Kollektion, w\u00e4hlen Sie Ihre Lieblingsartikel aus, w\u00e4hlen Sie die Gr\u00f6\u00dfe und Menge und klicken Sie dann auf \"In den Warenkorb\". Gehen Sie zur Kasse, geben Sie Ihre Versand- und Zahlungsdaten ein und best\u00e4tigen Sie Ihre Bestellung. Sobald Ihr Kauf abgeschlossen ist, erhalten Sie eine Best\u00e4tigungs-E-Mail.<\/p><\/div>\n\t\t\t\t<\/div>\n\t\t\t\t\t\t\t<div class=\"elementor-accordion-item\">\n\t\t\t\t\t<h4 id=\"elementor-tab-title-2564\" class=\"elementor-tab-title the7-accordion-header\" data-tab=\"4\" role=\"tab\" aria-controls=\"elementor-tab-content-2564\">\n\n\t\t\t\t\t\t\t\t\t\t\t\t\t<span class=\"elementor-accordion-icon elementor-accordion-icon-left\" aria-hidden=\"true\">\n\t\t\t\t\t\t\t\t\t\t\t\t\t\t\t<span class=\"elementor-accordion-icon-closed\"><svg xmlns=\"http:\/\/www.w3.org\/2000\/svg\" viewbox=\"0 0 24 24\" width=\"24\" height=\"24\"><path fill=\"none\" d=\"M0 0h24v24H0z\"><\/path><path d=\"M11 11V5h2v6h6v2h-6v6h-2v-6H5v-2z\"><\/path><\/svg><\/span>\n\t\t\t\t\t\t\t\t\t\t\t\t\t\t\t\t\t<span class=\"elementor-accordion-icon-opened\"><svg xmlns=\"http:\/\/www.w3.org\/2000\/svg\" viewbox=\"0 0 24 24\" width=\"24\" height=\"24\"><path fill=\"none\" d=\"M0 0h24v24H0z\"><\/path><path d=\"M5 11h14v2H5z\"><\/path><\/svg><\/span>\n\t\t\t\t\t\t\t\t\t\t\t\t\t\t\t\t\t\t\t\t\t\t<\/span>\n\t\t\t\t\t\t\t\t\t\t\t\t\t\t\t\t\t\t<a class=\"elementor-accordion-title\" href=\"\">Wo kann ich Ratschl\u00e4ge zu Gr\u00f6\u00dfe und Passform finden?<\/a>\n\t\t\t\t\t<\/h4>\n\t\t\t\t\t<div id=\"elementor-tab-content-2564\" class=\"elementor-tab-content elementor-clearfix\" data-tab=\"4\" role=\"tabpanel\" aria-labelledby=\"elementor-tab-title-2564\"><p>Auf jeder Produktseite finden Sie eine Gr\u00f6\u00dfentabelle, die Ihnen hilft, die richtige Gr\u00f6\u00dfe zu finden. Wenn Sie weitere Hilfe ben\u00f6tigen, wenden Sie sich bitte an unser Support-Team.<\/p><\/div>\n\t\t\t\t<\/div>\n\t\t\t\t\t\t\t<div class=\"elementor-accordion-item\">\n\t\t\t\t\t<h4 id=\"elementor-tab-title-2565\" class=\"elementor-tab-title the7-accordion-header\" data-tab=\"5\" role=\"tab\" aria-controls=\"elementor-tab-content-2565\">\n\n\t\t\t\t\t\t\t\t\t\t\t\t\t<span class=\"elementor-accordion-icon elementor-accordion-icon-left\" aria-hidden=\"true\">\n\t\t\t\t\t\t\t\t\t\t\t\t\t\t\t<span class=\"elementor-accordion-icon-closed\"><svg xmlns=\"http:\/\/www.w3.org\/2000\/svg\" viewbox=\"0 0 24 24\" width=\"24\" height=\"24\"><path fill=\"none\" d=\"M0 0h24v24H0z\"><\/path><path d=\"M11 11V5h2v6h6v2h-6v6h-2v-6H5v-2z\"><\/path><\/svg><\/span>\n\t\t\t\t\t\t\t\t\t\t\t\t\t\t\t\t\t<span class=\"elementor-accordion-icon-opened\"><svg xmlns=\"http:\/\/www.w3.org\/2000\/svg\" viewbox=\"0 0 24 24\" width=\"24\" height=\"24\"><path fill=\"none\" d=\"M0 0h24v24H0z\"><\/path><path d=\"M5 11h14v2H5z\"><\/path><\/svg><\/span>\n\t\t\t\t\t\t\t\t\t\t\t\t\t\t\t\t\t\t\t\t\t\t<\/span>\n\t\t\t\t\t\t\t\t\t\t\t\t\t\t\t\t\t\t<a class=\"elementor-accordion-title\" href=\"\">Kann ich eine Bestellung per Telefon aufgeben?<\/a>\n\t\t\t\t\t<\/h4>\n\t\t\t\t\t<div id=\"elementor-tab-content-2565\" class=\"elementor-tab-content elementor-clearfix\" data-tab=\"5\" role=\"tabpanel\" aria-labelledby=\"elementor-tab-title-2565\"><p>Ja, Sie k\u00f6nnen eine Bestellung per Telefon aufgeben. Wenden Sie sich an unseren Kundendienst, und wir werden Sie durch den Prozess f\u00fchren.<\/p><\/div>\n\t\t\t\t<\/div>\n\t\t\t\t\t\t\t<div class=\"elementor-accordion-item\">\n\t\t\t\t\t<h4 id=\"elementor-tab-title-2566\" class=\"elementor-tab-title the7-accordion-header\" data-tab=\"6\" role=\"tab\" aria-controls=\"elementor-tab-content-2566\">\n\n\t\t\t\t\t\t\t\t\t\t\t\t\t<span class=\"elementor-accordion-icon elementor-accordion-icon-left\" aria-hidden=\"true\">\n\t\t\t\t\t\t\t\t\t\t\t\t\t\t\t<span class=\"elementor-accordion-icon-closed\"><svg xmlns=\"http:\/\/www.w3.org\/2000\/svg\" viewbox=\"0 0 24 24\" width=\"24\" height=\"24\"><path fill=\"none\" d=\"M0 0h24v24H0z\"><\/path><path d=\"M11 11V5h2v6h6v2h-6v6h-2v-6H5v-2z\"><\/path><\/svg><\/span>\n\t\t\t\t\t\t\t\t\t\t\t\t\t\t\t\t\t<span class=\"elementor-accordion-icon-opened\"><svg xmlns=\"http:\/\/www.w3.org\/2000\/svg\" viewbox=\"0 0 24 24\" width=\"24\" height=\"24\"><path fill=\"none\" d=\"M0 0h24v24H0z\"><\/path><path d=\"M5 11h14v2H5z\"><\/path><\/svg><\/span>\n\t\t\t\t\t\t\t\t\t\t\t\t\t\t\t\t\t\t\t\t\t\t<\/span>\n\t\t\t\t\t\t\t\t\t\t\t\t\t\t\t\t\t\t<a class=\"elementor-accordion-title\" href=\"\">Kann ich meine Bestellung stornieren oder \u00c4nderungen vornehmen?<\/a>\n\t\t\t\t\t<\/h4>\n\t\t\t\t\t<div id=\"elementor-tab-content-2566\" class=\"elementor-tab-content elementor-clearfix\" data-tab=\"6\" role=\"tabpanel\" aria-labelledby=\"elementor-tab-title-2566\"><p>Wir bearbeiten Bestellungen schnell, aber wenn Sie Ihre Bestellung stornieren oder \u00e4ndern m\u00fcssen, kontaktieren Sie uns so schnell wie m\u00f6glich. Wenn Ihre Bestellung bereits versandt wurde, m\u00fcssen Sie m\u00f6glicherweise unser R\u00fcckgabeverfahren befolgen.<\/p><\/div>\n\t\t\t\t<\/div>\n\t\t\t\t\t\t\t<div class=\"elementor-accordion-item\">\n\t\t\t\t\t<h4 id=\"elementor-tab-title-2567\" class=\"elementor-tab-title the7-accordion-header\" data-tab=\"7\" role=\"tab\" aria-controls=\"elementor-tab-content-2567\">\n\n\t\t\t\t\t\t\t\t\t\t\t\t\t<span class=\"elementor-accordion-icon elementor-accordion-icon-left\" aria-hidden=\"true\">\n\t\t\t\t\t\t\t\t\t\t\t\t\t\t\t<span class=\"elementor-accordion-icon-closed\"><svg xmlns=\"http:\/\/www.w3.org\/2000\/svg\" viewbox=\"0 0 24 24\" width=\"24\" height=\"24\"><path fill=\"none\" d=\"M0 0h24v24H0z\"><\/path><path d=\"M11 11V5h2v6h6v2h-6v6h-2v-6H5v-2z\"><\/path><\/svg><\/span>\n\t\t\t\t\t\t\t\t\t\t\t\t\t\t\t\t\t<span class=\"elementor-accordion-icon-opened\"><svg xmlns=\"http:\/\/www.w3.org\/2000\/svg\" viewbox=\"0 0 24 24\" width=\"24\" height=\"24\"><path fill=\"none\" d=\"M0 0h24v24H0z\"><\/path><path d=\"M5 11h14v2H5z\"><\/path><\/svg><\/span>\n\t\t\t\t\t\t\t\t\t\t\t\t\t\t\t\t\t\t\t\t\t\t<\/span>\n\t\t\t\t\t\t\t\t\t\t\t\t\t\t\t\t\t\t<a class=\"elementor-accordion-title\" href=\"\">In welchen W\u00e4hrungen kann ich einkaufen?<\/a>\n\t\t\t\t\t<\/h4>\n\t\t\t\t\t<div id=\"elementor-tab-content-2567\" class=\"elementor-tab-content elementor-clearfix\" data-tab=\"7\" role=\"tabpanel\" aria-labelledby=\"elementor-tab-title-2567\"><p>Wir akzeptieren mehrere W\u00e4hrungen. Die verf\u00fcgbare W\u00e4hrung wird abh\u00e4ngig von Ihrem Standort angezeigt.<\/p><\/div>\n\t\t\t\t<\/div>\n\t\t\t\t\t\t\t<div class=\"elementor-accordion-item\">\n\t\t\t\t\t<h4 id=\"elementor-tab-title-2568\" class=\"elementor-tab-title the7-accordion-header\" data-tab=\"8\" role=\"tab\" aria-controls=\"elementor-tab-content-2568\">\n\n\t\t\t\t\t\t\t\t\t\t\t\t\t<span class=\"elementor-accordion-icon elementor-accordion-icon-left\" aria-hidden=\"true\">\n\t\t\t\t\t\t\t\t\t\t\t\t\t\t\t<span class=\"elementor-accordion-icon-closed\"><svg xmlns=\"http:\/\/www.w3.org\/2000\/svg\" viewbox=\"0 0 24 24\" width=\"24\" height=\"24\"><path fill=\"none\" d=\"M0 0h24v24H0z\"><\/path><path d=\"M11 11V5h2v6h6v2h-6v6h-2v-6H5v-2z\"><\/path><\/svg><\/span>\n\t\t\t\t\t\t\t\t\t\t\t\t\t\t\t\t\t<span class=\"elementor-accordion-icon-opened\"><svg xmlns=\"http:\/\/www.w3.org\/2000\/svg\" viewbox=\"0 0 24 24\" width=\"24\" height=\"24\"><path fill=\"none\" d=\"M0 0h24v24H0z\"><\/path><path d=\"M5 11h14v2H5z\"><\/path><\/svg><\/span>\n\t\t\t\t\t\t\t\t\t\t\t\t\t\t\t\t\t\t\t\t\t\t<\/span>\n\t\t\t\t\t\t\t\t\t\t\t\t\t\t\t\t\t\t<a class=\"elementor-accordion-title\" href=\"\">Wann wird meine Karte belastet?<\/a>\n\t\t\t\t\t<\/h4>\n\t\t\t\t\t<div id=\"elementor-tab-content-2568\" class=\"elementor-tab-content elementor-clearfix\" data-tab=\"8\" role=\"tabpanel\" aria-labelledby=\"elementor-tab-title-2568\"><p>Ihre Karte wird belastet, sobald Ihre Bestellung best\u00e4tigt ist. Sie erhalten dann eine E-Mail mit den Zahlungsdetails.<\/p><\/div>\n\t\t\t\t<\/div>\n\t\t\t\t\t\t\t<div class=\"elementor-accordion-item\">\n\t\t\t\t\t<h4 id=\"elementor-tab-title-2569\" class=\"elementor-tab-title the7-accordion-header\" data-tab=\"9\" role=\"tab\" aria-controls=\"elementor-tab-content-2569\">\n\n\t\t\t\t\t\t\t\t\t\t\t\t\t<span class=\"elementor-accordion-icon elementor-accordion-icon-left\" aria-hidden=\"true\">\n\t\t\t\t\t\t\t\t\t\t\t\t\t\t\t<span class=\"elementor-accordion-icon-closed\"><svg xmlns=\"http:\/\/www.w3.org\/2000\/svg\" viewbox=\"0 0 24 24\" width=\"24\" height=\"24\"><path fill=\"none\" d=\"M0 0h24v24H0z\"><\/path><path d=\"M11 11V5h2v6h6v2h-6v6h-2v-6H5v-2z\"><\/path><\/svg><\/span>\n\t\t\t\t\t\t\t\t\t\t\t\t\t\t\t\t\t<span class=\"elementor-accordion-icon-opened\"><svg xmlns=\"http:\/\/www.w3.org\/2000\/svg\" viewbox=\"0 0 24 24\" width=\"24\" height=\"24\"><path fill=\"none\" d=\"M0 0h24v24H0z\"><\/path><path d=\"M5 11h14v2H5z\"><\/path><\/svg><\/span>\n\t\t\t\t\t\t\t\t\t\t\t\t\t\t\t\t\t\t\t\t\t\t<\/span>\n\t\t\t\t\t\t\t\t\t\t\t\t\t\t\t\t\t\t<a class=\"elementor-accordion-title\" href=\"\">Welche Zahlungsarten akzeptieren Sie?<\/a>\n\t\t\t\t\t<\/h4>\n\t\t\t\t\t<div id=\"elementor-tab-content-2569\" class=\"elementor-tab-content elementor-clearfix\" data-tab=\"9\" role=\"tabpanel\" aria-labelledby=\"elementor-tab-title-2569\"><p>Wir akzeptieren die wichtigsten Kredit- und Debitkarten, PayPal und andere sichere Zahlungsoptionen. Sie k\u00f6nnen die vollst\u00e4ndige Liste an der Kasse finden.<\/p><\/div>\n\t\t\t\t<\/div>\n\t\t\t\t\t\t\t<div class=\"elementor-accordion-item\">\n\t\t\t\t\t<h4 id=\"elementor-tab-title-25610\" class=\"elementor-tab-title the7-accordion-header\" data-tab=\"10\" role=\"tab\" aria-controls=\"elementor-tab-content-25610\">\n\n\t\t\t\t\t\t\t\t\t\t\t\t\t<span class=\"elementor-accordion-icon elementor-accordion-icon-left\" aria-hidden=\"true\">\n\t\t\t\t\t\t\t\t\t\t\t\t\t\t\t<span class=\"elementor-accordion-icon-closed\"><svg xmlns=\"http:\/\/www.w3.org\/2000\/svg\" viewbox=\"0 0 24 24\" width=\"24\" height=\"24\"><path fill=\"none\" d=\"M0 0h24v24H0z\"><\/path><path d=\"M11 11V5h2v6h6v2h-6v6h-2v-6H5v-2z\"><\/path><\/svg><\/span>\n\t\t\t\t\t\t\t\t\t\t\t\t\t\t\t\t\t<span class=\"elementor-accordion-icon-opened\"><svg xmlns=\"http:\/\/www.w3.org\/2000\/svg\" viewbox=\"0 0 24 24\" width=\"24\" height=\"24\"><path fill=\"none\" d=\"M0 0h24v24H0z\"><\/path><path d=\"M5 11h14v2H5z\"><\/path><\/svg><\/span>\n\t\t\t\t\t\t\t\t\t\t\t\t\t\t\t\t\t\t\t\t\t\t<\/span>\n\t\t\t\t\t\t\t\t\t\t\t\t\t\t\t\t\t\t<a class=\"elementor-accordion-title\" href=\"\">Sind meine pers\u00f6nlichen Daten sicher?<\/a>\n\t\t\t\t\t<\/h4>\n\t\t\t\t\t<div id=\"elementor-tab-content-25610\" class=\"elementor-tab-content elementor-clearfix\" data-tab=\"10\" role=\"tabpanel\" aria-labelledby=\"elementor-tab-title-25610\"><p>Ja, wir legen Wert auf Ihre Privatsph\u00e4re und verwenden eine sichere Verschl\u00fcsselungstechnologie, um Ihre pers\u00f6nlichen Daten zu sch\u00fctzen. Wir geben Ihre Daten nicht an Dritte weiter.<\/p><\/div>\n\t\t\t\t<\/div>\n\t\t\t\t\t<\/div>\n\t\t\t\t\t\t<\/div>\n\t\t\t\t<\/div>\n\t\t\t\t\t<\/div>\n\t\t<\/div>\n\t\t\t\t\t<\/div>\n\t\t<\/section>\n\t\t\t\t<\/div>","protected":false},"excerpt":{"rendered":"<p>Do I need an account to place an order? No, you can place an order as a guest. However, creating an account allows you to track your orders, save your details for future purchases, and receive exclusive offers. I have forgotten my password: what should I do? Click on &#8220;Forgot Password&#8221; at the login page&hellip;<\/p>","protected":false},"author":8,"featured_media":0,"parent":5691,"menu_order":0,"comment_status":"closed","ping_status":"closed","template":"","meta":{"footnotes":""},"class_list":["post-306","page","type-page","status-publish","hentry"],"jetpack_sharing_enabled":true,"_links":{"self":[{"href":"https:\/\/berberedesign.com\/de\/wp-json\/wp\/v2\/pages\/306","targetHints":{"allow":["GET"]}}],"collection":[{"href":"https:\/\/berberedesign.com\/de\/wp-json\/wp\/v2\/pages"}],"about":[{"href":"https:\/\/berberedesign.com\/de\/wp-json\/wp\/v2\/types\/page"}],"author":[{"embeddable":true,"href":"https:\/\/berberedesign.com\/de\/wp-json\/wp\/v2\/users\/8"}],"replies":[{"embeddable":true,"href":"https:\/\/berberedesign.com\/de\/wp-json\/wp\/v2\/comments?post=306"}],"version-history":[{"count":3,"href":"https:\/\/berberedesign.com\/de\/wp-json\/wp\/v2\/pages\/306\/revisions"}],"predecessor-version":[{"id":104106,"href":"https:\/\/berberedesign.com\/de\/wp-json\/wp\/v2\/pages\/306\/revisions\/104106"}],"up":[{"embeddable":true,"href":"https:\/\/berberedesign.com\/de\/wp-json\/wp\/v2\/pages\/5691"}],"wp:attachment":[{"href":"https:\/\/berberedesign.com\/de\/wp-json\/wp\/v2\/media?parent=306"}],"curies":[{"name":"wp","href":"https:\/\/api.w.org\/{rel}","templated":true}]}}