{"id":304,"date":"2019-12-11T14:47:18","date_gmt":"2019-12-11T14:47:18","guid":{"rendered":"https:\/\/berberedesign.com\/returns-and-refunds\/"},"modified":"2025-01-02T23:40:03","modified_gmt":"2025-01-02T23:40:03","slug":"ruckgabe-und-ruckerstattung","status":"publish","type":"page","link":"https:\/\/berberedesign.com\/de\/infos\/ruckgabe-und-ruckerstattung\/","title":{"rendered":"R\u00fccksendungen und Erstattungen"},"content":{"rendered":"<div data-elementor-type=\"wp-page\" data-elementor-id=\"304\" class=\"elementor elementor-304\" data-elementor-post-type=\"page\">\n\t\t\t\t\t\t<section class=\"elementor-section elementor-top-section elementor-element elementor-element-618a3de0 elementor-section-boxed elementor-section-height-default elementor-section-height-default\" data-id=\"618a3de0\" data-element_type=\"section\">\n\t\t\t\t\t\t<div class=\"elementor-container elementor-column-gap-wider\">\n\t\t\t\t\t<div class=\"elementor-column elementor-col-100 elementor-top-column elementor-element elementor-element-3d0a43b0\" data-id=\"3d0a43b0\" data-element_type=\"column\">\n\t\t\t<div class=\"elementor-widget-wrap elementor-element-populated\">\n\t\t\t\t\t\t<div class=\"elementor-element elementor-element-28a2efbc elementor-widget elementor-widget-heading\" data-id=\"28a2efbc\" data-element_type=\"widget\" data-widget_type=\"heading.default\">\n\t\t\t\t<div class=\"elementor-widget-container\">\n\t\t\t\t\t<h3 class=\"elementor-heading-title elementor-size-default\"><h2><span style=\"color: var(--the7-h3-color);font-family: var( --e-global-typography-el_title_4-font-family ), Sans-serif;font-size: var( --e-global-typography-el_title_4-font-size );font-weight: var( --e-global-typography-el_title_4-font-weight );letter-spacing: var( --e-global-typography-el_title_4-letter-spacing );text-transform: var( --e-global-typography-el_title_4-text-transform )\">Definitionen und Schl\u00fcsselbegriffe<\/span><span style=\"color: var(--the7-h3-color);font-family: var( --e-global-typography-el_title_4-font-family ), Sans-serif;font-size: var( --e-global-typography-el_title_4-font-size );font-weight: var( --e-global-typography-el_title_4-font-weight );letter-spacing: var( --e-global-typography-el_title_4-letter-spacing );text-transform: var( --e-global-typography-el_title_4-text-transform )\"><\/span><\/h2><\/h3>\t\t\t\t<\/div>\n\t\t\t\t<\/div>\n\t\t\t\t<div class=\"elementor-element elementor-element-b50f2f7 elementor-widget elementor-widget-spacer\" data-id=\"b50f2f7\" data-element_type=\"widget\" data-widget_type=\"spacer.default\">\n\t\t\t\t<div class=\"elementor-widget-container\">\n\t\t\t\t\t\t\t<div class=\"elementor-spacer\">\n\t\t\t<div class=\"elementor-spacer-inner\"><\/div>\n\t\t<\/div>\n\t\t\t\t\t\t<\/div>\n\t\t\t\t<\/div>\n\t\t\t\t<div class=\"elementor-element elementor-element-6407ad2e elementor-widget elementor-widget-text-editor\" data-id=\"6407ad2e\" data-element_type=\"widget\" data-widget_type=\"text-editor.default\">\n\t\t\t\t<div class=\"elementor-widget-container\">\n\t\t\t\t\t\t\t\t\t<p><span data-contrast=\"none\">Diese R\u00fcckgabe- und Erstattungsrichtlinie definiert die Begriffe \"Unternehmen\", \"Kunde\", \"Ger\u00e4t\", \"Service\", \"Website\" und \"Sie\", um die in der Richtlinie verwendeten Begriffe zu kl\u00e4ren. Das Unternehmen bezieht sich auf BerbereDesign, der Kunde ist das Unternehmen oder die Einzelperson, die den BerbereDesign-Service nutzt, das Ger\u00e4t ist jedes mit dem Internet verbundene Ger\u00e4t, der Service ist der von BerbereDesign bereitgestellte Service, die Website ist die Website von BerbereDesign und der Benutzer ist ein registrierter Benutzer. Die Richtlinie zielt darauf ab, ein lohnendes Einkaufserlebnis zu bieten und umrei\u00dft die Bedingungen und Konditionen f\u00fcr Transaktionen.<\/span><span data-ccp-props=\"{&quot;201341983&quot;:0,&quot;335559739&quot;:160,&quot;335559740&quot;:259}\">\u00a0<\/span><\/p><p><span data-contrast=\"none\">Im Falle von Problemen oder Unzufriedenheit mit dem gekauften Produkt oder der Dienstleistung haben die Kunden das Recht, innerhalb eines Monats eine R\u00fcckerstattung und R\u00fcckgabe zu verlangen.<\/span><span data-ccp-props=\"{&quot;201341983&quot;:0,&quot;335559739&quot;:160,&quot;335559740&quot;:259}\">\u00a0<\/span><\/p><p><span data-contrast=\"none\">Um eine Produktr\u00fcckgabe einzuleiten, m\u00fcssen Sie unbedingt die folgenden Richtlinien einhalten:<\/span><span data-ccp-props=\"{&quot;201341983&quot;:0,&quot;335559739&quot;:160,&quot;335559740&quot;:259}\">\u00a0<\/span><\/p><p>\u00a0<\/p><ol><li><span data-contrast=\"none\"> Das Produkt muss in der von uns zur Verf\u00fcgung gestellten Originalverpackung zur\u00fcckgeschickt werden.<\/span><\/li><li><span data-contrast=\"none\"> Das Produkt muss frei von Besch\u00e4digungen sein, da jeder Hinweis auf eine Besch\u00e4digung zu einer sofortigen Annullierung des R\u00fcckerstattungsprozesses f\u00fchrt.<\/span><\/li><\/ol>\t\t\t\t\t\t\t\t<\/div>\n\t\t\t\t<\/div>\n\t\t\t\t<div class=\"elementor-element elementor-element-dcea433 elementor-widget elementor-widget-spacer\" data-id=\"dcea433\" data-element_type=\"widget\" data-widget_type=\"spacer.default\">\n\t\t\t\t<div class=\"elementor-widget-container\">\n\t\t\t\t\t\t\t<div class=\"elementor-spacer\">\n\t\t\t<div class=\"elementor-spacer-inner\"><\/div>\n\t\t<\/div>\n\t\t\t\t\t\t<\/div>\n\t\t\t\t<\/div>\n\t\t\t\t<div class=\"elementor-element elementor-element-22ef91b7 elementor-widget elementor-widget-heading\" data-id=\"22ef91b7\" data-element_type=\"widget\" data-widget_type=\"heading.default\">\n\t\t\t\t<div class=\"elementor-widget-container\">\n\t\t\t\t\t<h3 class=\"elementor-heading-title elementor-size-default\">Erstattungen<\/h3>\t\t\t\t<\/div>\n\t\t\t\t<\/div>\n\t\t\t\t<div class=\"elementor-element elementor-element-939a07d elementor-widget elementor-widget-spacer\" data-id=\"939a07d\" data-element_type=\"widget\" data-widget_type=\"spacer.default\">\n\t\t\t\t<div class=\"elementor-widget-container\">\n\t\t\t\t\t\t\t<div class=\"elementor-spacer\">\n\t\t\t<div class=\"elementor-spacer-inner\"><\/div>\n\t\t<\/div>\n\t\t\t\t\t\t<\/div>\n\t\t\t\t<\/div>\n\t\t\t\t<div class=\"elementor-element elementor-element-3612b0d3 elementor-widget elementor-widget-text-editor\" data-id=\"3612b0d3\" data-element_type=\"widget\" data-widget_type=\"text-editor.default\">\n\t\t\t\t<div class=\"elementor-widget-container\">\n\t\t\t\t\t\t\t\t\t<p><span class=\"TextRun SCXW81820983 BCX8\" lang=\"EN-US\" xml:lang=\"EN-US\" data-contrast=\"none\"><span class=\"NormalTextRun SpellingErrorV2Themed SCXW81820983 BCX8\">BerbereDesign<\/span><span class=\"NormalTextRun SCXW81820983 BCX8\"> konzentriert sich auf <\/span><span class=\"NormalTextRun SCXW81820983 BCX8\">Bereitstellung von<\/span><span class=\"NormalTextRun SCXW81820983 BCX8\"> hochwertige Produkte durch gr\u00fcndliche Kontrollen, <\/span><span class=\"NormalTextRun SCXW81820983 BCX8\">M\u00e4ngel<\/span> <span class=\"NormalTextRun ContextualSpellingAndGrammarErrorV2Themed SCXW81820983 BCX8\">pr\u00fcft<\/span><span class=\"NormalTextRun SCXW81820983 BCX8\">und sorgf\u00e4ltige Verpackung. Es kann jedoch vorkommen, dass sie Bestellungen aufgrund von Bestandsmangel oder Problemen bei der Qualit\u00e4tskontrolle stornieren m\u00fcssen. Die Kunden werden davon im Voraus in Kenntnis gesetzt. Online-Zahlungen werden nach der Best\u00e4tigung zur\u00fcckerstattet. Vor dem Versand wird eine Qualit\u00e4tskontrolle durchgef\u00fchrt, um den Zustand des Artikels sicherzustellen. <\/span><span class=\"NormalTextRun SpellingErrorV2Themed SCXW81820983 BCX8\">BerbereDesign<\/span><span class=\"NormalTextRun SCXW81820983 BCX8\"> kann nicht f\u00fcr eventuelle Transportsch\u00e4den verantwortlich gemacht werden. Wenn das zur\u00fcckgegebene Produkt den Richtlinien entspricht, wird eine R\u00fcckerstattung ausgestellt, die einige Tage dauert.<\/span><\/span><span class=\"EOP SCXW81820983 BCX8\" data-ccp-props=\"{&quot;201341983&quot;:0,&quot;335559739&quot;:160,&quot;335559740&quot;:259}\">\u00a0<\/span><\/p>\t\t\t\t\t\t\t\t<\/div>\n\t\t\t\t<\/div>\n\t\t\t\t<div class=\"elementor-element elementor-element-e0f590b elementor-widget elementor-widget-spacer\" data-id=\"e0f590b\" data-element_type=\"widget\" data-widget_type=\"spacer.default\">\n\t\t\t\t<div class=\"elementor-widget-container\">\n\t\t\t\t\t\t\t<div class=\"elementor-spacer\">\n\t\t\t<div class=\"elementor-spacer-inner\"><\/div>\n\t\t<\/div>\n\t\t\t\t\t\t<\/div>\n\t\t\t\t<\/div>\n\t\t\t\t<div class=\"elementor-element elementor-element-22b60a6a elementor-widget elementor-widget-heading\" data-id=\"22b60a6a\" data-element_type=\"widget\" data-widget_type=\"heading.default\">\n\t\t\t\t<div class=\"elementor-widget-container\">\n\t\t\t\t\t<h3 class=\"elementor-heading-title elementor-size-default\">Versand<\/h3>\t\t\t\t<\/div>\n\t\t\t\t<\/div>\n\t\t\t\t<div class=\"elementor-element elementor-element-87c99ec elementor-widget elementor-widget-spacer\" data-id=\"87c99ec\" data-element_type=\"widget\" data-widget_type=\"spacer.default\">\n\t\t\t\t<div class=\"elementor-widget-container\">\n\t\t\t\t\t\t\t<div class=\"elementor-spacer\">\n\t\t\t<div class=\"elementor-spacer-inner\"><\/div>\n\t\t<\/div>\n\t\t\t\t\t\t<\/div>\n\t\t\t\t<\/div>\n\t\t\t\t<div class=\"elementor-element elementor-element-db65b07 elementor-widget elementor-widget-text-editor\" data-id=\"db65b07\" data-element_type=\"widget\" data-widget_type=\"text-editor.default\">\n\t\t\t\t<div class=\"elementor-widget-container\">\n\t\t\t\t\t\t\t\t\t<p><span class=\"NormalTextRun SpellingErrorV2Themed SCXW148102133 BCX8\">BerbereDesign<\/span><span class=\"NormalTextRun SCXW148102133 BCX8\"> ist nicht verantwortlich f\u00fcr die R\u00fccksendekosten. Jeder Versand hat zu erfolgen <\/span><span class=\"NormalTextRun ContextualSpellingAndGrammarErrorV2Themed SCXW148102133 BCX8\">bezahlt<\/span><span class=\"NormalTextRun SCXW148102133 BCX8\"> Der Kunde muss die Kosten f\u00fcr den Versand tragen, auch wenn der Artikel urspr\u00fcnglich kostenlos versandt wurde.<\/span><\/p>\t\t\t\t\t\t\t\t<\/div>\n\t\t\t\t<\/div>\n\t\t\t\t<div class=\"elementor-element elementor-element-3202bcf elementor-widget elementor-widget-spacer\" data-id=\"3202bcf\" data-element_type=\"widget\" data-widget_type=\"spacer.default\">\n\t\t\t\t<div class=\"elementor-widget-container\">\n\t\t\t\t\t\t\t<div class=\"elementor-spacer\">\n\t\t\t<div class=\"elementor-spacer-inner\"><\/div>\n\t\t<\/div>\n\t\t\t\t\t\t<\/div>\n\t\t\t\t<\/div>\n\t\t\t\t<div class=\"elementor-element elementor-element-6af2a54 elementor-widget elementor-widget-heading\" data-id=\"6af2a54\" data-element_type=\"widget\" data-widget_type=\"heading.default\">\n\t\t\t\t<div class=\"elementor-widget-container\">\n\t\t\t\t\t<h3 class=\"elementor-heading-title elementor-size-default\">Ihr Einverst\u00e4ndnis<\/h3>\t\t\t\t<\/div>\n\t\t\t\t<\/div>\n\t\t\t\t<div class=\"elementor-element elementor-element-db2e520 elementor-widget elementor-widget-spacer\" data-id=\"db2e520\" data-element_type=\"widget\" data-widget_type=\"spacer.default\">\n\t\t\t\t<div class=\"elementor-widget-container\">\n\t\t\t\t\t\t\t<div class=\"elementor-spacer\">\n\t\t\t<div class=\"elementor-spacer-inner\"><\/div>\n\t\t<\/div>\n\t\t\t\t\t\t<\/div>\n\t\t\t\t<\/div>\n\t\t\t\t<div class=\"elementor-element elementor-element-72efbc21 elementor-widget elementor-widget-text-editor\" data-id=\"72efbc21\" data-element_type=\"widget\" data-widget_type=\"text-editor.default\">\n\t\t\t\t<div class=\"elementor-widget-container\">\n\t\t\t\t\t\t\t\t\t<p><span class=\"TextRun SCXW99328321 BCX8\" lang=\"EN-US\" xml:lang=\"EN-US\" data-contrast=\"none\">Durch die Nutzung unserer Website, die Registrierung eines Kontos oder einen Kauf erkl\u00e4ren Sie sich mit unseren R\u00fcckgabe- und Erstattungsrichtlinien einverstanden und stimmen deren Bedingungen zu.<\/span><\/p>\t\t\t\t\t\t\t\t<\/div>\n\t\t\t\t<\/div>\n\t\t\t\t<div class=\"elementor-element elementor-element-f8772aa elementor-widget elementor-widget-spacer\" data-id=\"f8772aa\" data-element_type=\"widget\" data-widget_type=\"spacer.default\">\n\t\t\t\t<div class=\"elementor-widget-container\">\n\t\t\t\t\t\t\t<div class=\"elementor-spacer\">\n\t\t\t<div class=\"elementor-spacer-inner\"><\/div>\n\t\t<\/div>\n\t\t\t\t\t\t<\/div>\n\t\t\t\t<\/div>\n\t\t\t\t<div class=\"elementor-element elementor-element-e0b7367 elementor-widget elementor-widget-heading\" data-id=\"e0b7367\" data-element_type=\"widget\" data-widget_type=\"heading.default\">\n\t\t\t\t<div class=\"elementor-widget-container\">\n\t\t\t\t\t<h3 class=\"elementor-heading-title elementor-size-default\">Changes To Our Return &amp; Refund Policy<\/h3>\t\t\t\t<\/div>\n\t\t\t\t<\/div>\n\t\t\t\t<div class=\"elementor-element elementor-element-4817766 elementor-widget elementor-widget-spacer\" data-id=\"4817766\" data-element_type=\"widget\" data-widget_type=\"spacer.default\">\n\t\t\t\t<div class=\"elementor-widget-container\">\n\t\t\t\t\t\t\t<div class=\"elementor-spacer\">\n\t\t\t<div class=\"elementor-spacer-inner\"><\/div>\n\t\t<\/div>\n\t\t\t\t\t\t<\/div>\n\t\t\t\t<\/div>\n\t\t\t\t<div class=\"elementor-element elementor-element-013ab31 elementor-widget elementor-widget-text-editor\" data-id=\"013ab31\" data-element_type=\"widget\" data-widget_type=\"text-editor.default\">\n\t\t\t\t<div class=\"elementor-widget-container\">\n\t\t\t\t\t\t\t\t\t<p><span class=\"NormalTextRun SCXW55618748 BCX8\">Wir sind<\/span><span class=\"NormalTextRun SCXW55618748 BCX8\"> Wir erw\u00e4gen, dieses Dokument zu aktualisieren, damit es unseren Service und unsere Politik widerspiegelt, und wenn n\u00f6tig, <\/span><span class=\"NormalTextRun ContextualSpellingAndGrammarErrorV2Themed SCXW55618748 BCX8\">wird<\/span><span class=\"NormalTextRun SCXW55618748 BCX8\"> gut sichtbar angezeigt werden. Wenn Sie unseren Service weiterhin nutzen, m\u00fcssen Sie die aktualisierten R\u00fcckgabe- und Erstattungsbedingungen einhalten. <\/span><span class=\"NormalTextRun ContextualSpellingAndGrammarErrorV2Themed SCXW55618748 BCX8\">Politik, oder<\/span><span class=\"NormalTextRun SCXW55618748 BCX8\"> Ihr Konto l\u00f6schen.<\/span><\/p>\t\t\t\t\t\t\t\t<\/div>\n\t\t\t\t<\/div>\n\t\t\t\t<div class=\"elementor-element elementor-element-3574c4b elementor-widget elementor-widget-spacer\" data-id=\"3574c4b\" data-element_type=\"widget\" data-widget_type=\"spacer.default\">\n\t\t\t\t<div class=\"elementor-widget-container\">\n\t\t\t\t\t\t\t<div class=\"elementor-spacer\">\n\t\t\t<div class=\"elementor-spacer-inner\"><\/div>\n\t\t<\/div>\n\t\t\t\t\t\t<\/div>\n\t\t\t\t<\/div>\n\t\t\t\t<div class=\"elementor-element elementor-element-0f05afa elementor-widget elementor-widget-heading\" data-id=\"0f05afa\" data-element_type=\"widget\" data-widget_type=\"heading.default\">\n\t\t\t\t<div class=\"elementor-widget-container\">\n\t\t\t\t\t<h3 class=\"elementor-heading-title elementor-size-default\">Kontakt<\/h3>\t\t\t\t<\/div>\n\t\t\t\t<\/div>\n\t\t\t\t<div class=\"elementor-element elementor-element-1e60245 elementor-widget elementor-widget-spacer\" data-id=\"1e60245\" data-element_type=\"widget\" data-widget_type=\"spacer.default\">\n\t\t\t\t<div class=\"elementor-widget-container\">\n\t\t\t\t\t\t\t<div class=\"elementor-spacer\">\n\t\t\t<div class=\"elementor-spacer-inner\"><\/div>\n\t\t<\/div>\n\t\t\t\t\t\t<\/div>\n\t\t\t\t<\/div>\n\t\t\t\t<div class=\"elementor-element elementor-element-5f379a9 elementor-widget elementor-widget-text-editor\" data-id=\"5f379a9\" data-element_type=\"widget\" data-widget_type=\"text-editor.default\">\n\t\t\t\t<div class=\"elementor-widget-container\">\n\t\t\t\t\t\t\t\t\t<p>Sollten Sie aus irgendeinem Grund mit einer unserer Waren oder Dienstleistungen nicht zufrieden sein, z\u00f6gern Sie nicht, sich mit uns in Verbindung zu setzen und wir werden alle Probleme, die Sie mit unserem Produkt haben, besprechen.<\/p><p>\u00a0<\/p><ul><li>Per E-Mail: contact@berberedesign.com<\/li><li>\u00dcber die Telefonnummer: +1 307-445-2564<\/li><li>\u00dcber diesen Link: https:\/\/berberedesign.com<\/li><li>\u00dcber diese Adresse: 1111B S Governors Ave STE 7173, Dover, DE 19904<\/li><\/ul>\t\t\t\t\t\t\t\t<\/div>\n\t\t\t\t<\/div>\n\t\t\t\t\t<\/div>\n\t\t<\/div>\n\t\t\t\t\t<\/div>\n\t\t<\/section>\n\t\t\t\t<\/div>","protected":false},"excerpt":{"rendered":"<p>Definitions and key terms This Return &amp; Refund Policy defines the terms &#8220;Company,&#8221; &#8220;Customer,&#8221; &#8220;Device,&#8221; &#8220;Service,&#8221; &#8220;Website,&#8221; and &#8220;You&#8221; to clarify the terms used in the policy. The company refers to BerbereDesign, the customer is the company or individual using the BerbereDesign Service, the device is any internet-connected device, the service is the provided by&hellip;<\/p>","protected":false},"author":8,"featured_media":0,"parent":5691,"menu_order":0,"comment_status":"closed","ping_status":"closed","template":"","meta":{"footnotes":""},"class_list":["post-304","page","type-page","status-publish","hentry"],"jetpack_sharing_enabled":true,"_links":{"self":[{"href":"https:\/\/berberedesign.com\/de\/wp-json\/wp\/v2\/pages\/304","targetHints":{"allow":["GET"]}}],"collection":[{"href":"https:\/\/berberedesign.com\/de\/wp-json\/wp\/v2\/pages"}],"about":[{"href":"https:\/\/berberedesign.com\/de\/wp-json\/wp\/v2\/types\/page"}],"author":[{"embeddable":true,"href":"https:\/\/berberedesign.com\/de\/wp-json\/wp\/v2\/users\/8"}],"replies":[{"embeddable":true,"href":"https:\/\/berberedesign.com\/de\/wp-json\/wp\/v2\/comments?post=304"}],"version-history":[{"count":12,"href":"https:\/\/berberedesign.com\/de\/wp-json\/wp\/v2\/pages\/304\/revisions"}],"predecessor-version":[{"id":104101,"href":"https:\/\/berberedesign.com\/de\/wp-json\/wp\/v2\/pages\/304\/revisions\/104101"}],"up":[{"embeddable":true,"href":"https:\/\/berberedesign.com\/de\/wp-json\/wp\/v2\/pages\/5691"}],"wp:attachment":[{"href":"https:\/\/berberedesign.com\/de\/wp-json\/wp\/v2\/media?parent=304"}],"curies":[{"name":"wp","href":"https:\/\/api.w.org\/{rel}","templated":true}]}}