{"id":299,"date":"2019-12-11T14:36:46","date_gmt":"2019-12-11T14:36:46","guid":{"rendered":"https:\/\/berberedesign.com\/shipping\/"},"modified":"2025-01-03T19:25:47","modified_gmt":"2025-01-03T19:25:47","slug":"versand","status":"publish","type":"page","link":"https:\/\/berberedesign.com\/de\/infos\/versand\/","title":{"rendered":"Versand"},"content":{"rendered":"<div data-elementor-type=\"wp-page\" data-elementor-id=\"299\" class=\"elementor elementor-299\" data-elementor-post-type=\"page\">\n\t\t\t\t\t\t<section class=\"elementor-section elementor-top-section elementor-element elementor-element-47568d8 elementor-section-boxed elementor-section-height-default elementor-section-height-default\" data-id=\"47568d8\" data-element_type=\"section\">\n\t\t\t\t\t\t<div class=\"elementor-container elementor-column-gap-wider\">\n\t\t\t\t\t<div class=\"elementor-column elementor-col-100 elementor-top-column elementor-element elementor-element-e60ce03\" data-id=\"e60ce03\" data-element_type=\"column\">\n\t\t\t<div class=\"elementor-widget-wrap elementor-element-populated\">\n\t\t\t\t\t\t<div class=\"elementor-element elementor-element-d9e4cc2 elementor-widget elementor-widget-heading\" data-id=\"d9e4cc2\" data-element_type=\"widget\" data-widget_type=\"heading.default\">\n\t\t\t\t<div class=\"elementor-widget-container\">\n\t\t\t\t\t<h3 class=\"elementor-heading-title elementor-size-default\">Lokale Zustellung<\/h3>\t\t\t\t<\/div>\n\t\t\t\t<\/div>\n\t\t\t\t<div class=\"elementor-element elementor-element-d772d92 elementor-widget elementor-widget-spacer\" data-id=\"d772d92\" data-element_type=\"widget\" data-widget_type=\"spacer.default\">\n\t\t\t\t<div class=\"elementor-widget-container\">\n\t\t\t\t\t\t\t<div class=\"elementor-spacer\">\n\t\t\t<div class=\"elementor-spacer-inner\"><\/div>\n\t\t<\/div>\n\t\t\t\t\t\t<\/div>\n\t\t\t\t<\/div>\n\t\t\t\t<div class=\"elementor-element elementor-element-2e7d8f1 elementor-widget elementor-widget-text-editor\" data-id=\"2e7d8f1\" data-element_type=\"widget\" data-widget_type=\"text-editor.default\">\n\t\t\t\t<div class=\"elementor-widget-container\">\n\t\t\t\t\t\t\t\t\t<p>Wir sorgen f\u00fcr einen reibungslosen und effizienten lokalen Lieferprozess und bieten zuverl\u00e4ssige Versanddienste innerhalb der Region, damit Ihre Bestellung so schnell wie m\u00f6glich bei Ihnen ankommt.<\/p>\t\t\t\t\t\t\t\t<\/div>\n\t\t\t\t<\/div>\n\t\t\t\t<div class=\"elementor-element elementor-element-590066a elementor-widget elementor-widget-spacer\" data-id=\"590066a\" data-element_type=\"widget\" data-widget_type=\"spacer.default\">\n\t\t\t\t<div class=\"elementor-widget-container\">\n\t\t\t\t\t\t\t<div class=\"elementor-spacer\">\n\t\t\t<div class=\"elementor-spacer-inner\"><\/div>\n\t\t<\/div>\n\t\t\t\t\t\t<\/div>\n\t\t\t\t<\/div>\n\t\t\t\t<div class=\"elementor-element elementor-element-bfed811 elementor-widget elementor-widget-heading\" data-id=\"bfed811\" data-element_type=\"widget\" data-widget_type=\"heading.default\">\n\t\t\t\t<div class=\"elementor-widget-container\">\n\t\t\t\t\t<h3 class=\"elementor-heading-title elementor-size-default\">Internationale Zustellung<\/h3>\t\t\t\t<\/div>\n\t\t\t\t<\/div>\n\t\t\t\t<div class=\"elementor-element elementor-element-69de370 elementor-widget elementor-widget-spacer\" data-id=\"69de370\" data-element_type=\"widget\" data-widget_type=\"spacer.default\">\n\t\t\t\t<div class=\"elementor-widget-container\">\n\t\t\t\t\t\t\t<div class=\"elementor-spacer\">\n\t\t\t<div class=\"elementor-spacer-inner\"><\/div>\n\t\t<\/div>\n\t\t\t\t\t\t<\/div>\n\t\t\t\t<\/div>\n\t\t\t\t<div class=\"elementor-element elementor-element-473d3a6 elementor-widget elementor-widget-text-editor\" data-id=\"473d3a6\" data-element_type=\"widget\" data-widget_type=\"text-editor.default\">\n\t\t\t\t<div class=\"elementor-widget-container\">\n\t\t\t\t\t\t\t\t\t<p>Wir sind stolz darauf, einen kostenlosen internationalen Versand zu den meisten Zielen anbieten zu k\u00f6nnen. Die Bestellungen werden innerhalb von 2-3 Werktagen bearbeitet und per Post verschickt. <strong>DHL-Express<\/strong>ein vertrauensw\u00fcrdiger \"T\u00fcr-zu-T\u00fcr\"-Dienst. Bitte beachten Sie, dass der internationale Versand keine Einfuhrz\u00f6lle oder Steuern umfasst. Allerdings, dank der <strong>Freihandelsabkommen mit Marokko, US-Kunden sind von Einfuhrsteuern befreit<\/strong>. Wir empfehlen, die Zollbestimmungen Ihres Landes zu pr\u00fcfen, bevor Sie eine Bestellung aufgeben.<\/p>\t\t\t\t\t\t\t\t<\/div>\n\t\t\t\t<\/div>\n\t\t\t\t<div class=\"elementor-element elementor-element-6ac335d elementor-widget elementor-widget-spacer\" data-id=\"6ac335d\" data-element_type=\"widget\" data-widget_type=\"spacer.default\">\n\t\t\t\t<div class=\"elementor-widget-container\">\n\t\t\t\t\t\t\t<div class=\"elementor-spacer\">\n\t\t\t<div class=\"elementor-spacer-inner\"><\/div>\n\t\t<\/div>\n\t\t\t\t\t\t<\/div>\n\t\t\t\t<\/div>\n\t\t\t\t<div class=\"elementor-element elementor-element-47b7c6b elementor-widget elementor-widget-heading\" data-id=\"47b7c6b\" data-element_type=\"widget\" data-widget_type=\"heading.default\">\n\t\t\t\t<div class=\"elementor-widget-container\">\n\t\t\t\t\t<h3 class=\"elementor-heading-title elementor-size-default\">DHL-Zustellung auf Anfrage<\/h3>\t\t\t\t<\/div>\n\t\t\t\t<\/div>\n\t\t\t\t<div class=\"elementor-element elementor-element-64e0139 elementor-widget elementor-widget-spacer\" data-id=\"64e0139\" data-element_type=\"widget\" data-widget_type=\"spacer.default\">\n\t\t\t\t<div class=\"elementor-widget-container\">\n\t\t\t\t\t\t\t<div class=\"elementor-spacer\">\n\t\t\t<div class=\"elementor-spacer-inner\"><\/div>\n\t\t<\/div>\n\t\t\t\t\t\t<\/div>\n\t\t\t\t<\/div>\n\t\t\t\t<div class=\"elementor-element elementor-element-2866cbd elementor-widget elementor-widget-text-editor\" data-id=\"2866cbd\" data-element_type=\"widget\" data-widget_type=\"text-editor.default\">\n\t\t\t\t<div class=\"elementor-widget-container\">\n\t\t\t\t\t\t\t\t\t<p>F\u00fcr zus\u00e4tzlichen Komfort bieten wir <strong>DHL On-Demand-Zustellung<\/strong>So k\u00f6nnen Sie Ihre Sendung je nach Ihrer Verf\u00fcgbarkeit planen, umleiten oder verwalten. Dieser flexible Service gew\u00e4hrleistet eine nahtlose, auf Ihre Bed\u00fcrfnisse zugeschnittene Zustellung.<\/p>\t\t\t\t\t\t\t\t<\/div>\n\t\t\t\t<\/div>\n\t\t\t\t<div class=\"elementor-element elementor-element-fc4ed88 elementor-widget elementor-widget-spacer\" data-id=\"fc4ed88\" data-element_type=\"widget\" data-widget_type=\"spacer.default\">\n\t\t\t\t<div class=\"elementor-widget-container\">\n\t\t\t\t\t\t\t<div class=\"elementor-spacer\">\n\t\t\t<div class=\"elementor-spacer-inner\"><\/div>\n\t\t<\/div>\n\t\t\t\t\t\t<\/div>\n\t\t\t\t<\/div>\n\t\t\t\t<div class=\"elementor-element elementor-element-5bb9cdb elementor-widget elementor-widget-heading\" data-id=\"5bb9cdb\" data-element_type=\"widget\" data-widget_type=\"heading.default\">\n\t\t\t\t<div class=\"elementor-widget-container\">\n\t\t\t\t\t<h3 class=\"elementor-heading-title elementor-size-default\">Zollinhaltserkl\u00e4rung<\/h3>\t\t\t\t<\/div>\n\t\t\t\t<\/div>\n\t\t\t\t<div class=\"elementor-element elementor-element-65ec1cd elementor-widget elementor-widget-spacer\" data-id=\"65ec1cd\" data-element_type=\"widget\" data-widget_type=\"spacer.default\">\n\t\t\t\t<div class=\"elementor-widget-container\">\n\t\t\t\t\t\t\t<div class=\"elementor-spacer\">\n\t\t\t<div class=\"elementor-spacer-inner\"><\/div>\n\t\t<\/div>\n\t\t\t\t\t\t<\/div>\n\t\t\t\t<\/div>\n\t\t\t\t<div class=\"elementor-element elementor-element-1fa0065 elementor-widget elementor-widget-text-editor\" data-id=\"1fa0065\" data-element_type=\"widget\" data-widget_type=\"text-editor.default\">\n\t\t\t\t<div class=\"elementor-widget-container\">\n\t\t\t\t\t\t\t\t\t<p>Jede internationale Sendung wird von einer detaillierten Zollerkl\u00e4rung begleitet. Obwohl wir uns bem\u00fchen, den Prozess so reibungslos wie m\u00f6glich zu gestalten, variieren die Einfuhrz\u00f6lle und Steuern von Land zu Land. Wir empfehlen Ihnen, sich bei Ihrer \u00f6rtlichen Zollbeh\u00f6rde \u00fcber die geltenden Tarife und Vorschriften zu informieren.<\/p>\t\t\t\t\t\t\t\t<\/div>\n\t\t\t\t<\/div>\n\t\t\t\t\t<\/div>\n\t\t<\/div>\n\t\t\t\t\t<\/div>\n\t\t<\/section>\n\t\t\t\t<\/div>","protected":false},"excerpt":{"rendered":"<p>Local delivery We ensure a smooth and efficient local delivery process, providing reliable shipping services within the region to get your order to you as quickly as possible. International delivery We proudly offer complimentary international shipping to most destinations. Orders are processed within 2-3 business days and shipped via DHL Express, a trusted \u201cDoor-to-Door\u201d service.&hellip;<\/p>","protected":false},"author":8,"featured_media":0,"parent":5691,"menu_order":0,"comment_status":"closed","ping_status":"closed","template":"","meta":{"footnotes":""},"class_list":["post-299","page","type-page","status-publish","hentry"],"jetpack_sharing_enabled":true,"_links":{"self":[{"href":"https:\/\/berberedesign.com\/de\/wp-json\/wp\/v2\/pages\/299","targetHints":{"allow":["GET"]}}],"collection":[{"href":"https:\/\/berberedesign.com\/de\/wp-json\/wp\/v2\/pages"}],"about":[{"href":"https:\/\/berberedesign.com\/de\/wp-json\/wp\/v2\/types\/page"}],"author":[{"embeddable":true,"href":"https:\/\/berberedesign.com\/de\/wp-json\/wp\/v2\/users\/8"}],"replies":[{"embeddable":true,"href":"https:\/\/berberedesign.com\/de\/wp-json\/wp\/v2\/comments?post=299"}],"version-history":[{"count":3,"href":"https:\/\/berberedesign.com\/de\/wp-json\/wp\/v2\/pages\/299\/revisions"}],"predecessor-version":[{"id":104167,"href":"https:\/\/berberedesign.com\/de\/wp-json\/wp\/v2\/pages\/299\/revisions\/104167"}],"up":[{"embeddable":true,"href":"https:\/\/berberedesign.com\/de\/wp-json\/wp\/v2\/pages\/5691"}],"wp:attachment":[{"href":"https:\/\/berberedesign.com\/de\/wp-json\/wp\/v2\/media?parent=299"}],"curies":[{"name":"wp","href":"https:\/\/api.w.org\/{rel}","templated":true}]}}