{"id":14,"date":"2023-05-17T17:19:30","date_gmt":"2023-05-17T17:19:30","guid":{"rendered":"https:\/\/berberedesign.com\/?page_id=14"},"modified":"2025-02-09T16:14:29","modified_gmt":"2025-02-09T16:14:29","slug":"ruckerstattung_ruckgaben","status":"publish","type":"page","link":"https:\/\/berberedesign.com\/de\/ruckerstattung_ruckgaben\/","title":{"rendered":"Erstattungs- und R\u00fcckgabebestimmungen"},"content":{"rendered":"<div data-elementor-type=\"wp-page\" data-elementor-id=\"14\" class=\"elementor elementor-14\" data-elementor-post-type=\"page\">\n\t\t\t\t<div class=\"elementor-element elementor-element-2ee723f7 e-flex e-con-boxed e-con e-parent\" data-id=\"2ee723f7\" data-element_type=\"container\">\n\t\t\t\t\t<div class=\"e-con-inner\">\n\t\t\t\t<div class=\"elementor-element elementor-element-23672f61 elementor-widget elementor-widget-text-editor\" data-id=\"23672f61\" data-element_type=\"widget\" data-widget_type=\"text-editor.default\">\n\t\t\t\t<div class=\"elementor-widget-container\">\n\t\t\t\t\t\t\t\t\t<p>\u00a0<\/p><p><strong>1. R\u00fcckgabe:<\/strong><br \/>Wir akzeptieren R\u00fccksendungen innerhalb von <strong>30 Tage<\/strong> der Quittung. Die Artikel m\u00fcssen sich in unbenutztem Originalzustand befinden und alle Etiketten m\u00fcssen angebracht sein.<\/p><p><strong>2. Erstattungen:<\/strong><br \/>Sobald Ihre R\u00fccksendung eingegangen ist und gepr\u00fcft wurde, wird eine R\u00fcckerstattung auf Ihre urspr\u00fcngliche Zahlungsmethode vorgenommen. Die Versandkosten sind nicht erstattungsf\u00e4hig.<\/p><p><strong>3. R\u00fccksendekosten:<\/strong><br \/>Die Kosten f\u00fcr die R\u00fccksendung sind vom Kunden selbst zu tragen. Wir empfehlen die Verwendung eines verfolgbaren Versanddienstes oder den Abschluss einer Versandversicherung f\u00fcr Artikel, die einen bestimmten Wert \u00fcberschreiten, da wir den Erhalt des zur\u00fcckgesendeten Artikels nicht garantieren k\u00f6nnen.<\/p><p><strong>4. Besch\u00e4digte oder mangelhafte Artikel:<\/strong><br \/>Wenn Sie einen besch\u00e4digten oder defekten Artikel erhalten, kontaktieren Sie uns bitte innerhalb von <strong>7 Tage<\/strong> f\u00fcr eine vollst\u00e4ndige R\u00fcckerstattung oder einen Ersatz.<\/p><p><strong>5. Kontaktieren Sie uns:<\/strong><br \/>F\u00fcr R\u00fccksendungen, Umtausch oder andere Fragen, kontaktieren Sie uns bitte unter <a href=\"mailto:contact@berberedesign.com\">contact@berberedesign.com<\/a><\/p><div class=\"SDV7ef\">\u00a0<\/div><p>.<\/p>\t\t\t\t\t\t\t\t<\/div>\n\t\t\t\t<\/div>\n\t\t\t\t\t<\/div>\n\t\t\t\t<\/div>\n\t\t\t\t<\/div>","protected":false},"excerpt":{"rendered":"<p>\u00a0 1. Returns:We accept returns within 30 days of receipt. Items must be in original, unused condition with all tags attached. 2. Refunds:Once your return is received and inspected, a refund will be processed to your original payment method. Shipping costs are non-refundable. 3. Return Shipping Costs:Customers are responsible for paying the return shipping costs.&hellip;<\/p>","protected":false},"author":8,"featured_media":0,"parent":0,"menu_order":0,"comment_status":"closed","ping_status":"closed","template":"","meta":{"footnotes":""},"class_list":["post-14","page","type-page","status-publish","hentry"],"jetpack_sharing_enabled":true,"_links":{"self":[{"href":"https:\/\/berberedesign.com\/de\/wp-json\/wp\/v2\/pages\/14","targetHints":{"allow":["GET"]}}],"collection":[{"href":"https:\/\/berberedesign.com\/de\/wp-json\/wp\/v2\/pages"}],"about":[{"href":"https:\/\/berberedesign.com\/de\/wp-json\/wp\/v2\/types\/page"}],"author":[{"embeddable":true,"href":"https:\/\/berberedesign.com\/de\/wp-json\/wp\/v2\/users\/8"}],"replies":[{"embeddable":true,"href":"https:\/\/berberedesign.com\/de\/wp-json\/wp\/v2\/comments?post=14"}],"version-history":[{"count":3,"href":"https:\/\/berberedesign.com\/de\/wp-json\/wp\/v2\/pages\/14\/revisions"}],"predecessor-version":[{"id":106313,"href":"https:\/\/berberedesign.com\/de\/wp-json\/wp\/v2\/pages\/14\/revisions\/106313"}],"wp:attachment":[{"href":"https:\/\/berberedesign.com\/de\/wp-json\/wp\/v2\/media?parent=14"}],"curies":[{"name":"wp","href":"https:\/\/api.w.org\/{rel}","templated":true}]}}