{"id":106314,"date":"2025-02-09T16:24:38","date_gmt":"2025-02-09T16:24:38","guid":{"rendered":"https:\/\/berberedesign.com\/?page_id=106314"},"modified":"2025-02-09T16:35:23","modified_gmt":"2025-02-09T16:35:23","slug":"datenschutzbestimmungen","status":"publish","type":"page","link":"https:\/\/berberedesign.com\/de\/datenschutzbestimmungen\/","title":{"rendered":"Datenschutzbestimmungen"},"content":{"rendered":"<div data-elementor-type=\"wp-page\" data-elementor-id=\"106314\" class=\"elementor elementor-106314\" data-elementor-post-type=\"page\">\n\t\t\t\t<div class=\"elementor-element elementor-element-1235968 e-flex e-con-boxed e-con e-parent\" data-id=\"1235968\" data-element_type=\"container\">\n\t\t\t\t\t<div class=\"e-con-inner\">\n\t\t\t\t<div class=\"elementor-element elementor-element-e0b7a47 elementor-widget elementor-widget-text-editor\" data-id=\"e0b7a47\" data-element_type=\"widget\" data-widget_type=\"text-editor.default\">\n\t\t\t\t<div class=\"elementor-widget-container\">\n\t\t\t\t\t\t\t\t\t<p><strong>1. Sammlung von Informationen:<\/strong><br \/>Wir erfassen personenbezogene Daten, einschlie\u00dflich Ihres Namens, Ihrer Adresse, Ihrer E-Mail-Adresse und Ihrer Zahlungsangaben, wenn Sie eine Bestellung aufgeben oder mit uns Kontakt aufnehmen.<\/p><p><strong>2. Verwendung von Informationen:<\/strong><br \/>Wir verwenden Ihre Informationen, um Bestellungen zu bearbeiten, den Kundendienst zu gew\u00e4hrleisten und unsere Angebote zu verbessern.<\/p><p><strong>3. Datensicherheit:<\/strong><br \/>Wir ergreifen Sicherheitsma\u00dfnahmen, um Ihre pers\u00f6nlichen Daten zu sch\u00fctzen.<\/p><p><strong>4. Gemeinsame Nutzung durch Dritte:<\/strong><br \/>Wir verkaufen oder vermieten Ihre pers\u00f6nlichen Daten nicht. Wir k\u00f6nnen jedoch Daten mit Drittanbietern zur Auftragsabwicklung teilen.<\/p><p><strong>5. Cookies:<\/strong><br \/>Wir verwenden Cookies, um Ihre Benutzererfahrung zu verbessern und den Website-Verkehr zu analysieren.<\/p><p><strong>6. Ihre Rechte:<\/strong><br \/>Sie k\u00f6nnen Ihre Daten aktualisieren oder l\u00f6schen, indem Sie sich direkt an uns wenden.<\/p><p>F\u00fcr weitere Informationen kontaktieren Sie uns bitte unter <a href=\"mailto:contact@berberedesign.com\"><span data-contrast=\"none\">contact@berberedesign.com<\/span><\/a>.<\/p>\t\t\t\t\t\t\t\t<\/div>\n\t\t\t\t<\/div>\n\t\t\t\t\t<\/div>\n\t\t\t\t<\/div>\n\t\t\t\t<\/div>","protected":false},"excerpt":{"rendered":"<p>1. Information Collection:We collect personal information, including your name, address, email, and payment details, when you place an order or contact us. 2. Use of Information:We use your information to process orders, provide customer service, and improve our offerings. 3. Data Security:We implement security measures to protect your personal data. 4. Third-Party Sharing:We do not&hellip;<\/p>","protected":false},"author":8,"featured_media":0,"parent":0,"menu_order":0,"comment_status":"closed","ping_status":"closed","template":"","meta":{"footnotes":""},"class_list":["post-106314","page","type-page","status-publish","hentry"],"jetpack_sharing_enabled":true,"_links":{"self":[{"href":"https:\/\/berberedesign.com\/de\/wp-json\/wp\/v2\/pages\/106314","targetHints":{"allow":["GET"]}}],"collection":[{"href":"https:\/\/berberedesign.com\/de\/wp-json\/wp\/v2\/pages"}],"about":[{"href":"https:\/\/berberedesign.com\/de\/wp-json\/wp\/v2\/types\/page"}],"author":[{"embeddable":true,"href":"https:\/\/berberedesign.com\/de\/wp-json\/wp\/v2\/users\/8"}],"replies":[{"embeddable":true,"href":"https:\/\/berberedesign.com\/de\/wp-json\/wp\/v2\/comments?post=106314"}],"version-history":[{"count":4,"href":"https:\/\/berberedesign.com\/de\/wp-json\/wp\/v2\/pages\/106314\/revisions"}],"predecessor-version":[{"id":106318,"href":"https:\/\/berberedesign.com\/de\/wp-json\/wp\/v2\/pages\/106314\/revisions\/106318"}],"wp:attachment":[{"href":"https:\/\/berberedesign.com\/de\/wp-json\/wp\/v2\/media?parent=106314"}],"curies":[{"name":"wp","href":"https:\/\/api.w.org\/{rel}","templated":true}]}}