{"id":106306,"date":"2025-02-09T16:05:10","date_gmt":"2025-02-09T16:05:10","guid":{"rendered":"https:\/\/berberedesign.com\/?page_id=106306"},"modified":"2025-02-09T16:08:12","modified_gmt":"2025-02-09T16:08:12","slug":"zahlungspolitik","status":"publish","type":"page","link":"https:\/\/berberedesign.com\/de\/zahlungspolitik\/","title":{"rendered":"Zahlungspolitik"},"content":{"rendered":"<div data-elementor-type=\"wp-page\" data-elementor-id=\"106306\" class=\"elementor elementor-106306\" data-elementor-post-type=\"page\">\n\t\t\t\t<div class=\"elementor-element elementor-element-706fe3e e-flex e-con-boxed e-con e-parent\" data-id=\"706fe3e\" data-element_type=\"container\">\n\t\t\t\t\t<div class=\"e-con-inner\">\n\t\t\t\t<div class=\"elementor-element elementor-element-c2e4997 elementor-widget elementor-widget-text-editor\" data-id=\"c2e4997\" data-element_type=\"widget\" data-widget_type=\"text-editor.default\">\n\t\t\t\t<div class=\"elementor-widget-container\">\n\t\t\t\t\t\t\t\t\t<p>\u00a0<\/p><p><strong>1. Akzeptierte Zahlungsarten:<\/strong><br \/>Wir akzeptieren die folgenden Zahlungsarten:<\/p><ul><li><strong>Kredit-\/Debitkarten<\/strong>: Visa, MasterCard, American Express<\/li><li><strong>PayPal<\/strong><\/li><li><strong>Bank\u00fcberweisungen<\/strong> (f\u00fcr Gro\u00dfauftr\u00e4ge)<\/li><li><strong>Apple Pay<\/strong> \/ <strong>Google Pay<\/strong><\/li><\/ul><p><strong>2. Die W\u00e4hrung:<\/strong><br \/>Alle Transaktionen werden verarbeitet in\u00a0<strong> USD<\/strong>. Wenn Sie mit einer anderen W\u00e4hrung bezahlen, kann Ihre Bank Umrechnungsgeb\u00fchren erheben.<\/p><p><strong>3. Zahlungssicherheit:<\/strong><br \/>Ihre Zahlungsdaten werden verschl\u00fcsselt und sicher durch vertrauensw\u00fcrdige Drittanbieter verarbeitet. Wir speichern keine Kreditkarteninformationen.<\/p><p><strong>4. Zahlungsbest\u00e4tigung:<\/strong><br \/>Nach erfolgreicher Zahlung erhalten Sie eine Bestellbest\u00e4tigung per E-Mail. Sollten Sie diese nicht erhalten, \u00fcberpr\u00fcfen Sie bitte Ihren Spam-Ordner oder kontaktieren Sie uns.<\/p><p><strong>5. Gescheiterte Transaktionen:<\/strong><br \/>Wenn Ihre Zahlung fehlschl\u00e4gt, \u00fcberpr\u00fcfen Sie bitte Ihre Angaben oder versuchen Sie eine andere Zahlungsmethode. Bei anhaltenden Problemen kontaktieren Sie uns bitte unter <a href=\"mailto:contact@berberedesign.com\">contact@berberedesign.com<\/a><\/p><div class=\"SDV7ef\">\u00a0<\/div><p>.<\/p>\t\t\t\t\t\t\t\t<\/div>\n\t\t\t\t<\/div>\n\t\t\t\t\t<\/div>\n\t\t\t\t<\/div>\n\t\t\t\t<\/div>","protected":false},"excerpt":{"rendered":"<p>\u00a0 1. Accepted Payment Methods:We accept the following payment methods: Credit\/Debit Cards: Visa, MasterCard, American Express PayPal Bank Transfers (for large orders) Apple Pay \/ Google Pay 2. Currency:All transactions are processed in\u00a0 USD. If paying with another currency, your bank may apply conversion fees. 3. Payment Security:Your payment details are encrypted and processed securely&hellip;<\/p>","protected":false},"author":8,"featured_media":0,"parent":0,"menu_order":0,"comment_status":"closed","ping_status":"closed","template":"","meta":{"footnotes":""},"class_list":["post-106306","page","type-page","status-publish","hentry"],"jetpack_sharing_enabled":true,"_links":{"self":[{"href":"https:\/\/berberedesign.com\/de\/wp-json\/wp\/v2\/pages\/106306","targetHints":{"allow":["GET"]}}],"collection":[{"href":"https:\/\/berberedesign.com\/de\/wp-json\/wp\/v2\/pages"}],"about":[{"href":"https:\/\/berberedesign.com\/de\/wp-json\/wp\/v2\/types\/page"}],"author":[{"embeddable":true,"href":"https:\/\/berberedesign.com\/de\/wp-json\/wp\/v2\/users\/8"}],"replies":[{"embeddable":true,"href":"https:\/\/berberedesign.com\/de\/wp-json\/wp\/v2\/comments?post=106306"}],"version-history":[{"count":4,"href":"https:\/\/berberedesign.com\/de\/wp-json\/wp\/v2\/pages\/106306\/revisions"}],"predecessor-version":[{"id":106310,"href":"https:\/\/berberedesign.com\/de\/wp-json\/wp\/v2\/pages\/106306\/revisions\/106310"}],"wp:attachment":[{"href":"https:\/\/berberedesign.com\/de\/wp-json\/wp\/v2\/media?parent=106306"}],"curies":[{"name":"wp","href":"https:\/\/api.w.org\/{rel}","templated":true}]}}