{"id":106301,"date":"2025-02-09T16:01:38","date_gmt":"2025-02-09T16:01:38","guid":{"rendered":"https:\/\/berberedesign.com\/?page_id=106301"},"modified":"2025-02-09T16:03:12","modified_gmt":"2025-02-09T16:03:12","slug":"schifffahrtspolitik-2","status":"publish","type":"page","link":"https:\/\/berberedesign.com\/de\/schifffahrtspolitik-2\/","title":{"rendered":"Versandpolitik"},"content":{"rendered":"<div data-elementor-type=\"wp-page\" data-elementor-id=\"106301\" class=\"elementor elementor-106301\" data-elementor-post-type=\"page\">\n\t\t\t\t<div class=\"elementor-element elementor-element-86feb4d e-flex e-con-boxed e-con e-parent\" data-id=\"86feb4d\" data-element_type=\"container\">\n\t\t\t\t\t<div class=\"e-con-inner\">\n\t\t\t\t<div class=\"elementor-element elementor-element-2414cbd elementor-widget elementor-widget-text-editor\" data-id=\"2414cbd\" data-element_type=\"widget\" data-widget_type=\"text-editor.default\">\n\t\t\t\t<div class=\"elementor-widget-container\">\n\t\t\t\t\t\t\t\t\t<p>\u00a0<\/p><p><strong>1. Versanddestinationen:<\/strong><br \/>Wir sind stolz darauf, unsere handgefertigten Berberteppiche und Wohnaccessoires weltweit zu versenden. Bitte beachten Sie, dass die Lieferzeiten je nach Ihrem Standort variieren k\u00f6nnen.<\/p><p><strong>2. Bearbeitungszeit:<\/strong><br \/>Alle Bestellungen werden innerhalb von <strong>1-3 Arbeitstage<\/strong>. Sonderanfertigungen k\u00f6nnen zus\u00e4tzliche Zeit erfordern, die auf der Produktseite angegeben wird.<\/p><p><strong>3. Versandzeiten und -kosten:<\/strong><\/p><ul><li><strong>Internationaler Versand:<\/strong> 7-14 Werktage, abh\u00e4ngig von Ihrem Standort.<\/li><li><strong>Versandkosten:<\/strong> kostenloser Versand.<\/li><\/ul><p><strong>4. Z\u00f6lle, Abgaben und Steuern:<\/strong><br \/>Bei internationalen Bestellungen k\u00f6nnen Z\u00f6lle und Steuern anfallen, die in der Verantwortung des Kunden liegen. Bitte informieren Sie sich \u00fcber Ihre \u00f6rtlichen Bestimmungen.<\/p><p><strong>5. Verfolgung Ihrer Bestellung:<\/strong><br \/>Sobald Ihre Bestellung versandt wird, erhalten Sie eine Best\u00e4tigungs-E-Mail mit einer Tracking-Nummer. Sie k\u00f6nnen Ihre Sendung \u00fcber unsere Website oder das Portal des Spediteurs verfolgen.<\/p><p><strong>6. Versandverz\u00f6gerungen:<\/strong><br \/>Obwohl wir uns bem\u00fchen, die Lieferzeiten einzuhalten, kann es aufgrund von Zollabfertigung, Feiertagen oder unvorhergesehenen Umst\u00e4nden zu Verz\u00f6gerungen kommen. Wir sch\u00e4tzen Ihr Verst\u00e4ndnis.<\/p><p><strong>7. Verlorene oder besch\u00e4digte Pakete:<\/strong><br \/>Wenn Ihre Bestellung besch\u00e4digt ankommt oder nicht innerhalb der gesch\u00e4tzten Zeit eintrifft, kontaktieren Sie uns bitte unter <a href=\"mailto:contact@berberedesign.com\">contact@berberedesign.com<\/a> innerhalb <strong>7 Tage<\/strong> des voraussichtlichen Liefertermins.<\/p><p><strong>8. Kontaktieren Sie uns:<\/strong><br \/>F\u00fcr alle versandbezogenen Anfragen wenden Sie sich bitte an uns unter <a href=\"mailto:contact@berberedesign.com\"><strong>contact@berberedesign.com<\/strong><\/a>.<\/p>\t\t\t\t\t\t\t\t<\/div>\n\t\t\t\t<\/div>\n\t\t\t\t\t<\/div>\n\t\t\t\t<\/div>\n\t\t\t\t<\/div>","protected":false},"excerpt":{"rendered":"<p>\u00a0 1. Shipping Destinations:We proudly ship our handcrafted Berber rugs and home d\u00e9cor items worldwide. Please note that delivery times may vary based on your location. 2. Processing Time:All orders are processed within 1-3 business days. Custom or made-to-order items may require additional time, which will be specified on the product page. 3. Shipping Times&hellip;<\/p>","protected":false},"author":8,"featured_media":0,"parent":0,"menu_order":0,"comment_status":"closed","ping_status":"closed","template":"","meta":{"footnotes":""},"class_list":["post-106301","page","type-page","status-publish","hentry"],"jetpack_sharing_enabled":true,"_links":{"self":[{"href":"https:\/\/berberedesign.com\/de\/wp-json\/wp\/v2\/pages\/106301","targetHints":{"allow":["GET"]}}],"collection":[{"href":"https:\/\/berberedesign.com\/de\/wp-json\/wp\/v2\/pages"}],"about":[{"href":"https:\/\/berberedesign.com\/de\/wp-json\/wp\/v2\/types\/page"}],"author":[{"embeddable":true,"href":"https:\/\/berberedesign.com\/de\/wp-json\/wp\/v2\/users\/8"}],"replies":[{"embeddable":true,"href":"https:\/\/berberedesign.com\/de\/wp-json\/wp\/v2\/comments?post=106301"}],"version-history":[{"count":5,"href":"https:\/\/berberedesign.com\/de\/wp-json\/wp\/v2\/pages\/106301\/revisions"}],"predecessor-version":[{"id":107187,"href":"https:\/\/berberedesign.com\/de\/wp-json\/wp\/v2\/pages\/106301\/revisions\/107187"}],"wp:attachment":[{"href":"https:\/\/berberedesign.com\/de\/wp-json\/wp\/v2\/media?parent=106301"}],"curies":[{"name":"wp","href":"https:\/\/api.w.org\/{rel}","templated":true}]}}