{"id":100667,"date":"2023-06-08T19:10:09","date_gmt":"2023-06-08T19:10:09","guid":{"rendered":"https:\/\/berberedesign.com\/?page_id=100667"},"modified":"2025-02-09T16:43:11","modified_gmt":"2025-02-09T16:43:11","slug":"bedingungen","status":"publish","type":"page","link":"https:\/\/berberedesign.com\/de\/bedingungen\/","title":{"rendered":"Bedingungen und Konditionen"},"content":{"rendered":"<div data-elementor-type=\"wp-page\" data-elementor-id=\"100667\" class=\"elementor elementor-100667\" data-elementor-post-type=\"page\">\n\t\t\t\t<div class=\"elementor-element elementor-element-6c039020 e-flex e-con-boxed e-con e-parent\" data-id=\"6c039020\" data-element_type=\"container\">\n\t\t\t\t\t<div class=\"e-con-inner\">\n\t\t\t\t<div class=\"elementor-element elementor-element-1594eaf elementor-widget elementor-widget-text-editor\" data-id=\"1594eaf\" data-element_type=\"widget\" data-widget_type=\"text-editor.default\">\n\t\t\t\t<div class=\"elementor-widget-container\">\n\t\t\t\t\t\t\t\t\t<p><strong>1. Allgemeine Informationen:<\/strong><br \/>Durch die Verwendung von <strong><a href=\"https:\/\/berberedesign.com\/de\/\" target=\"_new\" rel=\"noopener\">www.berberedesign.com<\/a><\/strong>erkl\u00e4ren Sie sich mit diesen Bedingungen einverstanden. Big M Solutions, mit Sitz in <strong>1111B S Governors Ave STE 7173, Dover, DE 19904<\/strong>beh\u00e4lt sich das Recht vor, diese Bedingungen jederzeit und ohne vorherige Ank\u00fcndigung zu \u00e4ndern.<\/p><p><strong>2. Bestellungen und Zahlungen:<\/strong><br \/>Wir akzeptieren verschiedene Zahlungsarten, darunter Kreditkarten und PayPal. Alle Bestellungen sind vorbehaltlich der Annahme und Verf\u00fcgbarkeit.<\/p><p><strong>3. Versand:<\/strong><br \/>Die Versandgeb\u00fchren werden an der Kasse berechnet. F\u00fcr internationale Kunden k\u00f6nnen Zollgeb\u00fchren und Steuern anfallen.<\/p><p><strong>4. R\u00fcckgabe und R\u00fcckerstattung:<\/strong><br \/>Bitte beachten Sie unser <strong><a href=\"https:\/\/berberedesign.com\/de\/ruckerstattung_ruckgaben\/\">R\u00fcckerstattung und R\u00fccksendung<\/a> Politik<\/strong> f\u00fcr Informationen \u00fcber R\u00fccksendungen.<\/p><p><strong>5. Begrenzung der Haftung:<\/strong><br \/>Big M Solutions haftet nicht f\u00fcr Sch\u00e4den, die durch die Nutzung dieser Website oder gekaufte Produkte entstehen.<\/p><p><strong>6. Datenschutzbestimmungen:<\/strong><br \/>Wir respektieren Ihre Privatsph\u00e4re. Bitte \u00fcberpr\u00fcfen Sie unser <a href=\"https:\/\/berberedesign.com\/de\/datenschutzbestimmungen\/\"><strong>Datenschutzbestimmungen<\/strong><\/a> f\u00fcr Einzelheiten \u00fcber die Erhebung und Verarbeitung Ihrer Daten.<\/p>\t\t\t\t\t\t\t\t<\/div>\n\t\t\t\t<\/div>\n\t\t\t\t\t<\/div>\n\t\t\t\t<\/div>\n\t\t\t\t<\/div>","protected":false},"excerpt":{"rendered":"<p>1. General Information:By using www.berberedesign.com, you agree to these terms. Big M Solutions, located at 1111B S Governors Ave STE 7173, Dover, DE 19904, reserves the right to change these terms at any time without prior notice. 2. Orders and Payments:We accept various payment methods, including credit cards and PayPal. All orders are subject to&hellip;<\/p>","protected":false},"author":8,"featured_media":0,"parent":0,"menu_order":0,"comment_status":"closed","ping_status":"closed","template":"","meta":{"footnotes":""},"class_list":["post-100667","page","type-page","status-publish","hentry"],"jetpack_sharing_enabled":true,"_links":{"self":[{"href":"https:\/\/berberedesign.com\/de\/wp-json\/wp\/v2\/pages\/100667","targetHints":{"allow":["GET"]}}],"collection":[{"href":"https:\/\/berberedesign.com\/de\/wp-json\/wp\/v2\/pages"}],"about":[{"href":"https:\/\/berberedesign.com\/de\/wp-json\/wp\/v2\/types\/page"}],"author":[{"embeddable":true,"href":"https:\/\/berberedesign.com\/de\/wp-json\/wp\/v2\/users\/8"}],"replies":[{"embeddable":true,"href":"https:\/\/berberedesign.com\/de\/wp-json\/wp\/v2\/comments?post=100667"}],"version-history":[{"count":6,"href":"https:\/\/berberedesign.com\/de\/wp-json\/wp\/v2\/pages\/100667\/revisions"}],"predecessor-version":[{"id":106325,"href":"https:\/\/berberedesign.com\/de\/wp-json\/wp\/v2\/pages\/100667\/revisions\/106325"}],"wp:attachment":[{"href":"https:\/\/berberedesign.com\/de\/wp-json\/wp\/v2\/media?parent=100667"}],"curies":[{"name":"wp","href":"https:\/\/api.w.org\/{rel}","templated":true}]}}